{"id":4819,"date":"2024-10-03T11:34:18","date_gmt":"2024-10-03T02:34:18","guid":{"rendered":"https:\/\/www.japanconsultingoffice.com\/in-house-training\/"},"modified":"2025-06-16T21:55:27","modified_gmt":"2025-06-16T12:55:27","slug":"in-house-training","status":"publish","type":"page","link":"https:\/\/www.japanconsultingoffice.com\/fr\/in-house-training\/","title":{"rendered":"Formations Intra-entreprises"},"content":{"rendered":"","protected":false},"excerpt":{"rendered":"","protected":false},"author":1,"featured_media":3100,"parent":0,"menu_order":0,"comment_status":"closed","ping_status":"closed","template":"templates\/event-category.php","meta":{"_acf_changed":false,"_price":"","_stock":"","_tribe_ticket_header":"","_tribe_default_ticket_provider":"","_tribe_ticket_capacity":"0","_ticket_start_date":"","_ticket_end_date":"","_tribe_ticket_show_description":"","_tribe_ticket_show_not_going":false,"_tribe_ticket_use_global_stock":"","_tribe_ticket_global_stock_level":"","_global_stock_mode":"","_global_stock_cap":"","_tribe_rsvp_for_event":"","_tribe_ticket_going_count":"","_tribe_ticket_not_going_count":"","_tribe_tickets_list":"[]","_tribe_ticket_has_attendee_info_fields":false,"footnotes":"","_tec_slr_enabled":"","_tec_slr_layout":""},"class_list":["post-4819","page","type-page","status-publish","has-post-thumbnail","hentry"],"acf":[],"yoast_head":"<!-- This site is optimized with the Yoast SEO plugin v27.0 - https:\/\/yoast.com\/product\/yoast-seo-wordpress\/ -->\n<title>Formation \u00e0 la culture d\u2019entreprise japonaise et au leadership<\/title>\n<meta name=\"description\" content=\"JCO propose des formations sur la culture d\u2019entreprise japonaise et des programmes de leadership pour ma\u00eetriser la communication interculturelle et r\u00e9ussir \u00e0 l\u2019\u00e9chelle mondiale.\" \/>\n<meta name=\"robots\" content=\"index, follow, max-snippet:-1, max-image-preview:large, max-video-preview:-1\" \/>\n<link rel=\"canonical\" href=\"https:\/\/www.japanconsultingoffice.com\/fr\/in-house-training\/\" \/>\n<meta property=\"og:locale\" content=\"fr_FR\" \/>\n<meta property=\"og:type\" content=\"article\" \/>\n<meta property=\"og:title\" content=\"Formation \u00e0 la culture d\u2019entreprise japonaise et au leadership\" \/>\n<meta property=\"og:description\" content=\"JCO propose des formations sur la culture d\u2019entreprise japonaise et des programmes de leadership pour ma\u00eetriser la communication interculturelle et r\u00e9ussir \u00e0 l\u2019\u00e9chelle mondiale.\" \/>\n<meta property=\"og:url\" content=\"https:\/\/www.japanconsultingoffice.com\/fr\/in-house-training\/\" \/>\n<meta property=\"og:site_name\" content=\"Japan Consulting Office\" \/>\n<meta property=\"article:modified_time\" content=\"2025-06-16T12:55:27+00:00\" \/>\n<meta property=\"og:image\" content=\"https:\/\/www.japanconsultingoffice.com\/wp-content\/uploads\/2025\/03\/Row.png\" \/>\n\t<meta property=\"og:image:width\" content=\"989\" \/>\n\t<meta property=\"og:image:height\" content=\"315\" \/>\n\t<meta property=\"og:image:type\" content=\"image\/png\" \/>\n<meta name=\"twitter:card\" content=\"summary_large_image\" \/>\n<meta name=\"twitter:label1\" content=\"Est. reading time\" \/>\n\t<meta name=\"twitter:data1\" content=\"1 minute\" \/>\n<script type=\"application\/ld+json\" class=\"yoast-schema-graph\">{\"@context\":\"https:\/\/schema.org\",\"@graph\":[{\"@type\":\"WebPage\",\"@id\":\"https:\/\/www.japanconsultingoffice.com\/fr\/in-house-training\/\",\"url\":\"https:\/\/www.japanconsultingoffice.com\/fr\/in-house-training\/\",\"name\":\"Formation \u00e0 la culture d\u2019entreprise japonaise et au leadership\",\"isPartOf\":{\"@id\":\"https:\/\/www.japanconsultingoffice.com\/#website\"},\"primaryImageOfPage\":{\"@id\":\"https:\/\/www.japanconsultingoffice.com\/fr\/in-house-training\/#primaryimage\"},\"image\":{\"@id\":\"https:\/\/www.japanconsultingoffice.com\/fr\/in-house-training\/#primaryimage\"},\"thumbnailUrl\":\"https:\/\/www.japanconsultingoffice.com\/wp-content\/uploads\/2025\/03\/Row.png\",\"datePublished\":\"2024-10-03T02:34:18+00:00\",\"dateModified\":\"2025-06-16T12:55:27+00:00\",\"description\":\"JCO propose des formations sur la culture d\u2019entreprise japonaise et des programmes de leadership pour ma\u00eetriser la communication interculturelle et r\u00e9ussir \u00e0 l\u2019\u00e9chelle mondiale.\",\"breadcrumb\":{\"@id\":\"https:\/\/www.japanconsultingoffice.com\/fr\/in-house-training\/#breadcrumb\"},\"inLanguage\":\"fr-FR\",\"potentialAction\":[{\"@type\":\"ReadAction\",\"target\":[\"https:\/\/www.japanconsultingoffice.com\/fr\/in-house-training\/\"]}]},{\"@type\":\"ImageObject\",\"inLanguage\":\"fr-FR\",\"@id\":\"https:\/\/www.japanconsultingoffice.com\/fr\/in-house-training\/#primaryimage\",\"url\":\"https:\/\/www.japanconsultingoffice.com\/wp-content\/uploads\/2025\/03\/Row.png\",\"contentUrl\":\"https:\/\/www.japanconsultingoffice.com\/wp-content\/uploads\/2025\/03\/Row.png\",\"width\":989,\"height\":315},{\"@type\":\"BreadcrumbList\",\"@id\":\"https:\/\/www.japanconsultingoffice.com\/fr\/in-house-training\/#breadcrumb\",\"itemListElement\":[{\"@type\":\"ListItem\",\"position\":1,\"name\":\"Home\",\"item\":\"https:\/\/www.japanconsultingoffice.com\/fr\/\"},{\"@type\":\"ListItem\",\"position\":2,\"name\":\"Formations Intra-entreprises\"}]},{\"@type\":\"WebSite\",\"@id\":\"https:\/\/www.japanconsultingoffice.com\/#website\",\"url\":\"https:\/\/www.japanconsultingoffice.com\/\",\"name\":\"Japan Consulting Office\",\"description\":\"\",\"publisher\":{\"@id\":\"https:\/\/www.japanconsultingoffice.com\/#organization\"},\"potentialAction\":[{\"@type\":\"SearchAction\",\"target\":{\"@type\":\"EntryPoint\",\"urlTemplate\":\"https:\/\/www.japanconsultingoffice.com\/?s={search_term_string}\"},\"query-input\":{\"@type\":\"PropertyValueSpecification\",\"valueRequired\":true,\"valueName\":\"search_term_string\"}}],\"inLanguage\":\"fr-FR\"},{\"@type\":\"Organization\",\"@id\":\"https:\/\/www.japanconsultingoffice.com\/#organization\",\"name\":\"Japan Consulting Office\",\"url\":\"https:\/\/www.japanconsultingoffice.com\/\",\"logo\":{\"@type\":\"ImageObject\",\"inLanguage\":\"fr-FR\",\"@id\":\"https:\/\/www.japanconsultingoffice.com\/#\/schema\/logo\/image\/\",\"url\":\"https:\/\/www.japanconsultingoffice.com\/wp-content\/uploads\/2025\/04\/cropped-LOGO_JCO-clear-background.png\",\"contentUrl\":\"https:\/\/www.japanconsultingoffice.com\/wp-content\/uploads\/2025\/04\/cropped-LOGO_JCO-clear-background.png\",\"width\":512,\"height\":512,\"caption\":\"Japan Consulting Office\"},\"image\":{\"@id\":\"https:\/\/www.japanconsultingoffice.com\/#\/schema\/logo\/image\/\"},\"sameAs\":[\"https:\/\/www.linkedin.com\/company\/japan-consulting-office\/\"]}]}<\/script>\n<!-- \/ Yoast SEO plugin. -->","yoast_head_json":{"title":"Formation \u00e0 la culture d\u2019entreprise japonaise et au leadership","description":"JCO propose des formations sur la culture d\u2019entreprise japonaise et des programmes de leadership pour ma\u00eetriser la communication interculturelle et r\u00e9ussir \u00e0 l\u2019\u00e9chelle mondiale.","robots":{"index":"index","follow":"follow","max-snippet":"max-snippet:-1","max-image-preview":"max-image-preview:large","max-video-preview":"max-video-preview:-1"},"canonical":"https:\/\/www.japanconsultingoffice.com\/fr\/in-house-training\/","og_locale":"fr_FR","og_type":"article","og_title":"Formation \u00e0 la culture d\u2019entreprise japonaise et au leadership","og_description":"JCO propose des formations sur la culture d\u2019entreprise japonaise et des programmes de leadership pour ma\u00eetriser la communication interculturelle et r\u00e9ussir \u00e0 l\u2019\u00e9chelle mondiale.","og_url":"https:\/\/www.japanconsultingoffice.com\/fr\/in-house-training\/","og_site_name":"Japan Consulting Office","article_modified_time":"2025-06-16T12:55:27+00:00","og_image":[{"width":989,"height":315,"url":"https:\/\/www.japanconsultingoffice.com\/wp-content\/uploads\/2025\/03\/Row.png","type":"image\/png"}],"twitter_card":"summary_large_image","twitter_misc":{"Est. reading time":"1 minute"},"schema":{"@context":"https:\/\/schema.org","@graph":[{"@type":"WebPage","@id":"https:\/\/www.japanconsultingoffice.com\/fr\/in-house-training\/","url":"https:\/\/www.japanconsultingoffice.com\/fr\/in-house-training\/","name":"Formation \u00e0 la culture d\u2019entreprise japonaise et au leadership","isPartOf":{"@id":"https:\/\/www.japanconsultingoffice.com\/#website"},"primaryImageOfPage":{"@id":"https:\/\/www.japanconsultingoffice.com\/fr\/in-house-training\/#primaryimage"},"image":{"@id":"https:\/\/www.japanconsultingoffice.com\/fr\/in-house-training\/#primaryimage"},"thumbnailUrl":"https:\/\/www.japanconsultingoffice.com\/wp-content\/uploads\/2025\/03\/Row.png","datePublished":"2024-10-03T02:34:18+00:00","dateModified":"2025-06-16T12:55:27+00:00","description":"JCO propose des formations sur la culture d\u2019entreprise japonaise et des programmes de leadership pour ma\u00eetriser la communication interculturelle et r\u00e9ussir \u00e0 l\u2019\u00e9chelle mondiale.","breadcrumb":{"@id":"https:\/\/www.japanconsultingoffice.com\/fr\/in-house-training\/#breadcrumb"},"inLanguage":"fr-FR","potentialAction":[{"@type":"ReadAction","target":["https:\/\/www.japanconsultingoffice.com\/fr\/in-house-training\/"]}]},{"@type":"ImageObject","inLanguage":"fr-FR","@id":"https:\/\/www.japanconsultingoffice.com\/fr\/in-house-training\/#primaryimage","url":"https:\/\/www.japanconsultingoffice.com\/wp-content\/uploads\/2025\/03\/Row.png","contentUrl":"https:\/\/www.japanconsultingoffice.com\/wp-content\/uploads\/2025\/03\/Row.png","width":989,"height":315},{"@type":"BreadcrumbList","@id":"https:\/\/www.japanconsultingoffice.com\/fr\/in-house-training\/#breadcrumb","itemListElement":[{"@type":"ListItem","position":1,"name":"Home","item":"https:\/\/www.japanconsultingoffice.com\/fr\/"},{"@type":"ListItem","position":2,"name":"Formations Intra-entreprises"}]},{"@type":"WebSite","@id":"https:\/\/www.japanconsultingoffice.com\/#website","url":"https:\/\/www.japanconsultingoffice.com\/","name":"Japan Consulting Office","description":"","publisher":{"@id":"https:\/\/www.japanconsultingoffice.com\/#organization"},"potentialAction":[{"@type":"SearchAction","target":{"@type":"EntryPoint","urlTemplate":"https:\/\/www.japanconsultingoffice.com\/?s={search_term_string}"},"query-input":{"@type":"PropertyValueSpecification","valueRequired":true,"valueName":"search_term_string"}}],"inLanguage":"fr-FR"},{"@type":"Organization","@id":"https:\/\/www.japanconsultingoffice.com\/#organization","name":"Japan Consulting Office","url":"https:\/\/www.japanconsultingoffice.com\/","logo":{"@type":"ImageObject","inLanguage":"fr-FR","@id":"https:\/\/www.japanconsultingoffice.com\/#\/schema\/logo\/image\/","url":"https:\/\/www.japanconsultingoffice.com\/wp-content\/uploads\/2025\/04\/cropped-LOGO_JCO-clear-background.png","contentUrl":"https:\/\/www.japanconsultingoffice.com\/wp-content\/uploads\/2025\/04\/cropped-LOGO_JCO-clear-background.png","width":512,"height":512,"caption":"Japan Consulting Office"},"image":{"@id":"https:\/\/www.japanconsultingoffice.com\/#\/schema\/logo\/image\/"},"sameAs":["https:\/\/www.linkedin.com\/company\/japan-consulting-office\/"]}]}},"ticketed":false,"_links":{"self":[{"href":"https:\/\/www.japanconsultingoffice.com\/fr\/wp-json\/wp\/v2\/pages\/4819","targetHints":{"allow":["GET"]}}],"collection":[{"href":"https:\/\/www.japanconsultingoffice.com\/fr\/wp-json\/wp\/v2\/pages"}],"about":[{"href":"https:\/\/www.japanconsultingoffice.com\/fr\/wp-json\/wp\/v2\/types\/page"}],"author":[{"embeddable":true,"href":"https:\/\/www.japanconsultingoffice.com\/fr\/wp-json\/wp\/v2\/users\/1"}],"replies":[{"embeddable":true,"href":"https:\/\/www.japanconsultingoffice.com\/fr\/wp-json\/wp\/v2\/comments?post=4819"}],"version-history":[{"count":0,"href":"https:\/\/www.japanconsultingoffice.com\/fr\/wp-json\/wp\/v2\/pages\/4819\/revisions"}],"wp:featuredmedia":[{"embeddable":true,"href":"https:\/\/www.japanconsultingoffice.com\/fr\/wp-json\/wp\/v2\/media\/3100"}],"wp:attachment":[{"href":"https:\/\/www.japanconsultingoffice.com\/fr\/wp-json\/wp\/v2\/media?parent=4819"}],"curies":[{"name":"wp","href":"https:\/\/api.w.org\/{rel}","templated":true}]}}