{"id":2304,"date":"2024-08-01T08:38:04","date_gmt":"2024-07-31T23:38:04","guid":{"rendered":"https:\/\/www.japanconsultingoffice.com\/accueil\/"},"modified":"2025-06-16T21:47:13","modified_gmt":"2025-06-16T12:47:13","slug":"accueil","status":"publish","type":"page","link":"https:\/\/www.japanconsultingoffice.com\/fr\/","title":{"rendered":"Accueil"},"content":{"rendered":"\n","protected":false},"excerpt":{"rendered":"","protected":false},"author":1,"featured_media":0,"parent":0,"menu_order":0,"comment_status":"closed","ping_status":"closed","template":"","meta":{"_acf_changed":false,"_price":"","_stock":"","_tribe_ticket_header":"","_tribe_default_ticket_provider":"","_tribe_ticket_capacity":"0","_ticket_start_date":"","_ticket_end_date":"","_tribe_ticket_show_description":"","_tribe_ticket_show_not_going":false,"_tribe_ticket_use_global_stock":"","_tribe_ticket_global_stock_level":"","_global_stock_mode":"","_global_stock_cap":"","_tribe_rsvp_for_event":"","_tribe_ticket_going_count":"","_tribe_ticket_not_going_count":"","_tribe_tickets_list":"[]","_tribe_ticket_has_attendee_info_fields":false,"footnotes":"","_tec_slr_enabled":"","_tec_slr_layout":""},"class_list":["post-2304","page","type-page","status-publish","hentry"],"acf":[],"yoast_head":"<!-- This site is optimized with the Yoast SEO plugin v27.4 - https:\/\/yoast.com\/product\/yoast-seo-wordpress\/ -->\n<title>Travailler et communiquer avec des entreprises japonaises | JCO<\/title>\n<meta name=\"description\" content=\"JCO aide les \u00e9quipes internationales \u00e0 r\u00e9ussir leur collaboration avec des entreprises japonaises. Am\u00e9liorez d\u00e8s aujourd\u2019hui la communication avec vos coll\u00e8gues japonais et non japonais.\" \/>\n<meta name=\"robots\" content=\"index, follow, max-snippet:-1, max-image-preview:large, max-video-preview:-1\" \/>\n<link rel=\"canonical\" href=\"https:\/\/www.japanconsultingoffice.com\/fr\/\" \/>\n<meta property=\"og:locale\" content=\"fr_FR\" \/>\n<meta property=\"og:type\" content=\"article\" \/>\n<meta property=\"og:title\" content=\"Travailler et communiquer avec des entreprises japonaises | JCO\" \/>\n<meta property=\"og:description\" content=\"JCO aide les \u00e9quipes internationales \u00e0 r\u00e9ussir leur collaboration avec des entreprises japonaises. Am\u00e9liorez d\u00e8s aujourd\u2019hui la communication avec vos coll\u00e8gues japonais et non japonais.\" \/>\n<meta property=\"og:url\" content=\"https:\/\/www.japanconsultingoffice.com\/fr\/\" \/>\n<meta property=\"og:site_name\" content=\"Japan Consulting Office\" \/>\n<meta property=\"article:modified_time\" content=\"2025-06-16T12:47:13+00:00\" \/>\n<meta name=\"twitter:card\" content=\"summary_large_image\" \/>\n<meta name=\"twitter:label1\" content=\"Est. reading time\" \/>\n\t<meta name=\"twitter:data1\" content=\"1 minute\" \/>\n<script type=\"application\/ld+json\" class=\"yoast-schema-graph\">{\"@context\":\"https:\\\/\\\/schema.org\",\"@graph\":[{\"@type\":\"WebPage\",\"@id\":\"https:\\\/\\\/www.japanconsultingoffice.com\\\/fr\\\/\",\"url\":\"https:\\\/\\\/www.japanconsultingoffice.com\\\/fr\\\/\",\"name\":\"Travailler et communiquer avec des entreprises japonaises | JCO\",\"isPartOf\":{\"@id\":\"https:\\\/\\\/www.japanconsultingoffice.com\\\/#website\"},\"datePublished\":\"2024-07-31T23:38:04+00:00\",\"dateModified\":\"2025-06-16T12:47:13+00:00\",\"description\":\"JCO aide les \u00e9quipes internationales \u00e0 r\u00e9ussir leur collaboration avec des entreprises japonaises. Am\u00e9liorez d\u00e8s aujourd\u2019hui la communication avec vos coll\u00e8gues japonais et non japonais.\",\"breadcrumb\":{\"@id\":\"https:\\\/\\\/www.japanconsultingoffice.com\\\/fr\\\/#breadcrumb\"},\"inLanguage\":\"fr-FR\",\"potentialAction\":[{\"@type\":\"ReadAction\",\"target\":[\"https:\\\/\\\/www.japanconsultingoffice.com\\\/fr\\\/\"]}]},{\"@type\":\"BreadcrumbList\",\"@id\":\"https:\\\/\\\/www.japanconsultingoffice.com\\\/fr\\\/#breadcrumb\",\"itemListElement\":[{\"@type\":\"ListItem\",\"position\":1,\"name\":\"Home\",\"item\":\"https:\\\/\\\/www.japanconsultingoffice.com\\\/fr\\\/\"},{\"@type\":\"ListItem\",\"position\":2,\"name\":\"Accueil\"}]},{\"@type\":\"WebSite\",\"@id\":\"https:\\\/\\\/www.japanconsultingoffice.com\\\/#website\",\"url\":\"https:\\\/\\\/www.japanconsultingoffice.com\\\/\",\"name\":\"Japan Consulting Office\",\"description\":\"\",\"publisher\":{\"@id\":\"https:\\\/\\\/www.japanconsultingoffice.com\\\/#organization\"},\"potentialAction\":[{\"@type\":\"SearchAction\",\"target\":{\"@type\":\"EntryPoint\",\"urlTemplate\":\"https:\\\/\\\/www.japanconsultingoffice.com\\\/?s={search_term_string}\"},\"query-input\":{\"@type\":\"PropertyValueSpecification\",\"valueRequired\":true,\"valueName\":\"search_term_string\"}}],\"inLanguage\":\"fr-FR\"},{\"@type\":\"Organization\",\"@id\":\"https:\\\/\\\/www.japanconsultingoffice.com\\\/#organization\",\"name\":\"Japan Consulting Office\",\"url\":\"https:\\\/\\\/www.japanconsultingoffice.com\\\/\",\"logo\":{\"@type\":\"ImageObject\",\"inLanguage\":\"fr-FR\",\"@id\":\"https:\\\/\\\/www.japanconsultingoffice.com\\\/#\\\/schema\\\/logo\\\/image\\\/\",\"url\":\"https:\\\/\\\/www.japanconsultingoffice.com\\\/wp-content\\\/uploads\\\/2025\\\/04\\\/cropped-LOGO_JCO-clear-background.png\",\"contentUrl\":\"https:\\\/\\\/www.japanconsultingoffice.com\\\/wp-content\\\/uploads\\\/2025\\\/04\\\/cropped-LOGO_JCO-clear-background.png\",\"width\":512,\"height\":512,\"caption\":\"Japan Consulting Office\"},\"image\":{\"@id\":\"https:\\\/\\\/www.japanconsultingoffice.com\\\/#\\\/schema\\\/logo\\\/image\\\/\"},\"sameAs\":[\"https:\\\/\\\/www.linkedin.com\\\/company\\\/japan-consulting-office\\\/\"]}]}<\/script>\n<!-- \/ Yoast SEO plugin. -->","yoast_head_json":{"title":"Travailler et communiquer avec des entreprises japonaises | JCO","description":"JCO aide les \u00e9quipes internationales \u00e0 r\u00e9ussir leur collaboration avec des entreprises japonaises. Am\u00e9liorez d\u00e8s aujourd\u2019hui la communication avec vos coll\u00e8gues japonais et non japonais.","robots":{"index":"index","follow":"follow","max-snippet":"max-snippet:-1","max-image-preview":"max-image-preview:large","max-video-preview":"max-video-preview:-1"},"canonical":"https:\/\/www.japanconsultingoffice.com\/fr\/","og_locale":"fr_FR","og_type":"article","og_title":"Travailler et communiquer avec des entreprises japonaises | JCO","og_description":"JCO aide les \u00e9quipes internationales \u00e0 r\u00e9ussir leur collaboration avec des entreprises japonaises. Am\u00e9liorez d\u00e8s aujourd\u2019hui la communication avec vos coll\u00e8gues japonais et non japonais.","og_url":"https:\/\/www.japanconsultingoffice.com\/fr\/","og_site_name":"Japan Consulting Office","article_modified_time":"2025-06-16T12:47:13+00:00","twitter_card":"summary_large_image","twitter_misc":{"Est. reading time":"1 minute"},"schema":{"@context":"https:\/\/schema.org","@graph":[{"@type":"WebPage","@id":"https:\/\/www.japanconsultingoffice.com\/fr\/","url":"https:\/\/www.japanconsultingoffice.com\/fr\/","name":"Travailler et communiquer avec des entreprises japonaises | JCO","isPartOf":{"@id":"https:\/\/www.japanconsultingoffice.com\/#website"},"datePublished":"2024-07-31T23:38:04+00:00","dateModified":"2025-06-16T12:47:13+00:00","description":"JCO aide les \u00e9quipes internationales \u00e0 r\u00e9ussir leur collaboration avec des entreprises japonaises. Am\u00e9liorez d\u00e8s aujourd\u2019hui la communication avec vos coll\u00e8gues japonais et non japonais.","breadcrumb":{"@id":"https:\/\/www.japanconsultingoffice.com\/fr\/#breadcrumb"},"inLanguage":"fr-FR","potentialAction":[{"@type":"ReadAction","target":["https:\/\/www.japanconsultingoffice.com\/fr\/"]}]},{"@type":"BreadcrumbList","@id":"https:\/\/www.japanconsultingoffice.com\/fr\/#breadcrumb","itemListElement":[{"@type":"ListItem","position":1,"name":"Home","item":"https:\/\/www.japanconsultingoffice.com\/fr\/"},{"@type":"ListItem","position":2,"name":"Accueil"}]},{"@type":"WebSite","@id":"https:\/\/www.japanconsultingoffice.com\/#website","url":"https:\/\/www.japanconsultingoffice.com\/","name":"Japan Consulting Office","description":"","publisher":{"@id":"https:\/\/www.japanconsultingoffice.com\/#organization"},"potentialAction":[{"@type":"SearchAction","target":{"@type":"EntryPoint","urlTemplate":"https:\/\/www.japanconsultingoffice.com\/?s={search_term_string}"},"query-input":{"@type":"PropertyValueSpecification","valueRequired":true,"valueName":"search_term_string"}}],"inLanguage":"fr-FR"},{"@type":"Organization","@id":"https:\/\/www.japanconsultingoffice.com\/#organization","name":"Japan Consulting Office","url":"https:\/\/www.japanconsultingoffice.com\/","logo":{"@type":"ImageObject","inLanguage":"fr-FR","@id":"https:\/\/www.japanconsultingoffice.com\/#\/schema\/logo\/image\/","url":"https:\/\/www.japanconsultingoffice.com\/wp-content\/uploads\/2025\/04\/cropped-LOGO_JCO-clear-background.png","contentUrl":"https:\/\/www.japanconsultingoffice.com\/wp-content\/uploads\/2025\/04\/cropped-LOGO_JCO-clear-background.png","width":512,"height":512,"caption":"Japan Consulting Office"},"image":{"@id":"https:\/\/www.japanconsultingoffice.com\/#\/schema\/logo\/image\/"},"sameAs":["https:\/\/www.linkedin.com\/company\/japan-consulting-office\/"]}]}},"ticketed":false,"_links":{"self":[{"href":"https:\/\/www.japanconsultingoffice.com\/fr\/wp-json\/wp\/v2\/pages\/2304","targetHints":{"allow":["GET"]}}],"collection":[{"href":"https:\/\/www.japanconsultingoffice.com\/fr\/wp-json\/wp\/v2\/pages"}],"about":[{"href":"https:\/\/www.japanconsultingoffice.com\/fr\/wp-json\/wp\/v2\/types\/page"}],"author":[{"embeddable":true,"href":"https:\/\/www.japanconsultingoffice.com\/fr\/wp-json\/wp\/v2\/users\/1"}],"replies":[{"embeddable":true,"href":"https:\/\/www.japanconsultingoffice.com\/fr\/wp-json\/wp\/v2\/comments?post=2304"}],"version-history":[{"count":0,"href":"https:\/\/www.japanconsultingoffice.com\/fr\/wp-json\/wp\/v2\/pages\/2304\/revisions"}],"wp:attachment":[{"href":"https:\/\/www.japanconsultingoffice.com\/fr\/wp-json\/wp\/v2\/media?parent=2304"}],"curies":[{"name":"wp","href":"https:\/\/api.w.org\/{rel}","templated":true}]}}